{"id":21200,"date":"2024-07-17T12:21:48","date_gmt":"2024-07-17T10:21:48","guid":{"rendered":"https:\/\/belokimendia.com\/tienda\/uncategorized\/ardilarre-cheese\/"},"modified":"2024-10-18T11:39:33","modified_gmt":"2024-10-18T09:39:33","slug":"ardilarre-cheese","status":"publish","type":"product","link":"https:\/\/belokimendia.com\/en\/store\/cheese\/ardilarre-cheese\/","title":{"rendered":"Ardilarre cheese"},"content":{"rendered":"","protected":false},"excerpt":{"rendered":"<p>Este a\u00f1o, <strong>Ardilarre<\/strong> tiene el honor de presentar la edici\u00f3n limitada <strong>Basajaun<\/strong>, un queso <strong>Idiazabal<\/strong> que rinde homenaje al m\u00edtico ser de la mitolog\u00eda vasca. Esta edici\u00f3n limitada se caracteriza por su sabor intenso y persistente y un toque picante. La textura compacto y firme del queso <strong>Basajaun<\/strong> lo convierte en una experiencia sensorial \u00fanica.<\/p>\n<p><strong>Ardilarre<\/strong> es un queso que no dejar\u00e1 indiferente a los paladares m\u00e1s exigentes. Su sabor \u00fanico, su producci\u00f3n limitada y su presentaci\u00f3n exclusiva lo convierten en el regalo perfecto para los amantes de la alta gastronom\u00eda.<\/p>\n<p><strong>Detalles T\u00e9cnicos:<\/strong><\/p>\n<p><strong>Ingredientes:<\/strong> Leche cruda de oveja, cuajo, fermentos l\u00e1cticos y sal.<br \/>\n<strong>Maduraci\u00f3n m\u00ednima:<\/strong> 4 meses.<br \/>\n<strong>Peso:<\/strong> 0.9 a 1,2 kilogramos.<br \/>\n<strong>Envasado al vac\u00edo:<\/strong> Se recomienda mantenerlo refrigerado entre 4 y 8\u00baC.<br \/>\n<strong>Consumo preferente:<\/strong> De 2 a 24 meses.<br \/>\n<strong>Presentaci\u00f3n:<\/strong> piezas enteras.<\/p>\n<p>Atemperar y sacar del vaci\u00f3 antes del consumo, despertando as\u00ed todos sus sabores.<\/p>\n","protected":false},"featured_media":21378,"template":"","meta":[],"product_brand":[],"product_cat":[101,100],"product_tag":[],"class_list":{"0":"post-21200","1":"product","2":"type-product","3":"status-publish","4":"has-post-thumbnail","6":"product_cat-ardilarre-en","7":"product_cat-cheese","9":"first","10":"outofstock","11":"taxable","12":"shipping-taxable","13":"purchasable","14":"product-type-simple"},"_links":{"self":[{"href":"https:\/\/belokimendia.com\/en\/wp-json\/wp\/v2\/product\/21200","targetHints":{"allow":["GET"]}}],"collection":[{"href":"https:\/\/belokimendia.com\/en\/wp-json\/wp\/v2\/product"}],"about":[{"href":"https:\/\/belokimendia.com\/en\/wp-json\/wp\/v2\/types\/product"}],"wp:featuredmedia":[{"embeddable":true,"href":"https:\/\/belokimendia.com\/en\/wp-json\/wp\/v2\/media\/21378"}],"wp:attachment":[{"href":"https:\/\/belokimendia.com\/en\/wp-json\/wp\/v2\/media?parent=21200"}],"wp:term":[{"taxonomy":"product_brand","embeddable":true,"href":"https:\/\/belokimendia.com\/en\/wp-json\/wp\/v2\/product_brand?post=21200"},{"taxonomy":"product_cat","embeddable":true,"href":"https:\/\/belokimendia.com\/en\/wp-json\/wp\/v2\/product_cat?post=21200"},{"taxonomy":"product_tag","embeddable":true,"href":"https:\/\/belokimendia.com\/en\/wp-json\/wp\/v2\/product_tag?post=21200"}],"curies":[{"name":"wp","href":"https:\/\/api.w.org\/{rel}","templated":true}]}}