{"id":21207,"date":"2024-06-24T12:31:50","date_gmt":"2024-06-24T10:31:50","guid":{"rendered":"https:\/\/belokimendia.com\/tienda\/uncategorized\/antsonea-blue-cheese\/"},"modified":"2024-06-24T12:31:50","modified_gmt":"2024-06-24T10:31:50","slug":"antsonea-blue-cheese","status":"publish","type":"product","link":"https:\/\/belokimendia.com\/en\/store\/cheese\/antsonea-blue-cheese\/","title":{"rendered":"Antsonea Blue Cheese"},"content":{"rendered":"","protected":false},"excerpt":{"rendered":"<p>El <strong>queso Azul Antsonea<\/strong>\u00a0es un ejemplo innovador en la tradici\u00f3n quesera de la regi\u00f3n. Inspirado en los quesos azules asturianos, este queso incorpora cultivos de hongo Penicillium, que le confieren su distintivo color azul y vetas gris-verdosas. El resultado es un queso con una textura cremosa y un sabor intensamente complejo, que se profundiza con el tiempo de maduraci\u00f3n. Sus notas umami y su aroma robusto hacen de este queso una experiencia gustativa \u00fanica y sofisticada, ideal para los paladares m\u00e1s exigentes.<\/p>\n<p><strong>Detalles T\u00e9cnicos:<\/strong><\/p>\n<p><strong>Ingredientes:<\/strong> Leche cruda de oveja, cuajo, fermentos l\u00e1cticos, sal y Penicillium roqueforti.<br \/>\n<strong>Maduraci\u00f3n m\u00ednima:<\/strong> 2 meses.<br \/>\n<strong>Peso:<\/strong> 0.200gr a 300gr<br \/>\n<strong>Envasado al vac\u00edo:<\/strong> Se recomienda mantenerlo refrigerado entre 4 y 8\u00baC.<br \/>\n<strong>Consumo preferente:<\/strong> De 2 a 24 meses.<br \/>\n<strong>Presentaci\u00f3n:<\/strong> en trozos.<\/p>\n<p>Atemperar antes del consumo, despertando as\u00ed todos sus sabores.<\/p>\n","protected":false},"featured_media":21208,"template":"","meta":[],"product_brand":[],"product_cat":[103,100],"product_tag":[],"class_list":{"0":"post-21207","1":"product","2":"type-product","3":"status-publish","4":"has-post-thumbnail","6":"product_cat-antsonea-en","7":"product_cat-cheese","9":"first","10":"instock","11":"taxable","12":"shipping-taxable","13":"purchasable","14":"product-type-simple"},"_links":{"self":[{"href":"https:\/\/belokimendia.com\/en\/wp-json\/wp\/v2\/product\/21207","targetHints":{"allow":["GET"]}}],"collection":[{"href":"https:\/\/belokimendia.com\/en\/wp-json\/wp\/v2\/product"}],"about":[{"href":"https:\/\/belokimendia.com\/en\/wp-json\/wp\/v2\/types\/product"}],"wp:featuredmedia":[{"embeddable":true,"href":"https:\/\/belokimendia.com\/en\/wp-json\/wp\/v2\/media\/21208"}],"wp:attachment":[{"href":"https:\/\/belokimendia.com\/en\/wp-json\/wp\/v2\/media?parent=21207"}],"wp:term":[{"taxonomy":"product_brand","embeddable":true,"href":"https:\/\/belokimendia.com\/en\/wp-json\/wp\/v2\/product_brand?post=21207"},{"taxonomy":"product_cat","embeddable":true,"href":"https:\/\/belokimendia.com\/en\/wp-json\/wp\/v2\/product_cat?post=21207"},{"taxonomy":"product_tag","embeddable":true,"href":"https:\/\/belokimendia.com\/en\/wp-json\/wp\/v2\/product_tag?post=21207"}],"curies":[{"name":"wp","href":"https:\/\/api.w.org\/{rel}","templated":true}]}}