{"id":20897,"date":"2024-06-20T13:42:20","date_gmt":"2024-06-20T11:42:20","guid":{"rendered":"https:\/\/belokimendia.com\/terminos-y-condiciones\/"},"modified":"2024-10-09T12:11:34","modified_gmt":"2024-10-09T10:11:34","slug":"terminoak-eta-baldintzak","status":"publish","type":"page","link":"https:\/\/belokimendia.com\/eu\/terminoak-eta-baldintzak\/","title":{"rendered":"Terminoak eta baldintzak"},"content":{"rendered":"\t\t<div data-elementor-type=\"wp-page\" data-elementor-id=\"20897\" class=\"elementor elementor-20897 elementor-19329\" data-elementor-post-type=\"page\">\n\t\t\t\t\t\t<section class=\"elementor-section elementor-top-section elementor-element elementor-element-d191c00 elementor-section-boxed elementor-section-height-default elementor-section-height-default\" data-id=\"d191c00\" data-element_type=\"section\">\n\t\t\t\t\t\t<div class=\"elementor-container elementor-column-gap-default\">\n\t\t\t\t\t<div class=\"elementor-column elementor-col-100 elementor-top-column elementor-element elementor-element-53a0d17\" data-id=\"53a0d17\" data-element_type=\"column\">\n\t\t\t<div class=\"elementor-widget-wrap elementor-element-populated\">\n\t\t\t\t\t\t<div class=\"elementor-element elementor-element-257cfd4 elementor-widget elementor-widget-text-editor\" data-id=\"257cfd4\" data-element_type=\"widget\" data-widget_type=\"text-editor.default\">\n\t\t\t\t<div class=\"elementor-widget-container\">\n\t\t\t\t\t\t\t\t\t<p>1. OBJETO DE LA WEB<\/p><p>El presente Aviso Legal recoge las condiciones de uso general de los productos ofrecidos por BELOKI MENDIA, NIF:. SAT ANTSONEA, V31970049,en relaci\u00f3n a las personas que lo utilizan (en adelante USUARIO).<\/p><p>Esta p\u00e1gina web as\u00ed como la tienda online han sido desarrollados con el objeto de ofrecer al USUARIO un sistema f\u00e1cil de utilizar y fiable de cara a la realizaci\u00f3n de informaci\u00f3n y venta de productos que ofrece BELOKI MENDIA<\/p><p>El propietario del dominio (belokimendia.com) y encargado de su dise\u00f1o, contenido, desarrollo inform\u00e1tico y mantenimiento t\u00e9cnico es SAT ANTSONEA domiciliado en ANTSONEA BASERRIA, 31891 UZTEGI(NAVARRA) con CIF n\u00famero V31970047 con al ayuda de SIDECAR DESIGN<\/p><p>2. PROTECCI\u00d3N DE DATOS<\/p><p>De conformidad con lo establecido por la Ley Org\u00e1nica 15\/1999, de 13 de diciembre, de Protecci\u00f3n de Datos de car\u00e1cter personal y el Reglamento (UE) 2016\/679 del Parlamento Europeo y del Consejo de e 27 de abril de 2016 relativo a la protecci\u00f3n de las personas f\u00edsicas en lo que respecta al tratamiento de datos personales y a la libre circulaci\u00f3n de estos datos (RGPD), el USUARIO consiente la inclusi\u00f3n de sus datos en un fichero del que es titular SAT ANTSONEA, y que los mismos sean utilizados con la finalidad de poder facilitar, agilizar y cumplir los compromisos establecidos entre ambas partes. Asimismo, el USUARIO declara estar informado sobre los derechos de acceso, rectificaci\u00f3n, cancelaci\u00f3n, supresi\u00f3n, oposici\u00f3n, limitaci\u00f3n del tratamiento, portabilidad de datos y a no ser objeto de decisiones individualizadas, automatizadas, en relaci\u00f3n con los datos objeto del encargo, que podr\u00e1 ejercitar en el domicilio de ANTSONEA BASERRIA, 31891 UZTEGI(NAVARRA); o bien remitiendo un mensaje a la direcci\u00f3n de correo electr\u00f3nico &#8220;info@belokimendia.com\u201d.<\/p><p>3. ACCESO Y USO<\/p><p>Las personas que acceden a esta p\u00e1gina web y\/o utilizan informaci\u00f3n o realizan transacciones comerciales a trav\u00e9s de esta, adquieren la condici\u00f3n de USUARIOS comprometi\u00e9ndose a la observaci\u00f3n y cumplimiento riguroso de las disposiciones aqu\u00ed establecidas, as\u00ed como cualquier otra que legalmente fuera de aplicaci\u00f3n.<\/p><p>Se pone de conocimiento de los USUARIOS que las condiciones generales del uso de esta p\u00e1gina web, as\u00ed como de la tienda on-line pueden ser modificadas sin notificaci\u00f3n previa.<\/p><p>4. CONTENIDOS<\/p><p>Los elementos existentes en esta p\u00e1gina web as\u00ed como en la tienda online, tanto el dise\u00f1o, contenido, desarrollo inform\u00e1tico y mantenimiento t\u00e9cnico, se encuentran protegidos por la normativa de propiedad intelectual e industrial.<\/p><p>Cualquier uso que suponga la reproducci\u00f3n total o parcial, distribuci\u00f3n, transformaci\u00f3n y comercializaci\u00f3n, no est\u00e1 permitido y requiere en todo caso de la autorizaci\u00f3n escrita previa por parte de SAT ANTSONEA.<\/p><p>5. RESPONSABILIDAD<\/p><p>Todos los enlaces que conduzcan a esta p\u00e1gina web as\u00ed como a la tienda online, no podr\u00e1n mostrar de manera directa o indirecta, indicaciones falsas, inexactas o confusas. De igual forma SAT ANTSONEA no se responsabiliza de que los enlaces externos se encuentren siempre operativos.<\/p><p>La p\u00e1gina web y la tienda online, han sido probados y se revisa peri\u00f3dicamente para garantizar la seguridad y ausencia de virus en sus sistemas. Igualmente se garantiza el correcto funcionamiento t\u00e9cnico, no obstante, no se descarta la posibilidad de alg\u00fan posible error de programaci\u00f3n o que acontezcan causas de fuerza mayor que hagan imposible el acceso a la p\u00e1gina web as\u00ed como a la tienda online. En este caso se actuar\u00e1 con la m\u00e1xima diligencia hasta subsanar el problema a la mayor brevedad posible.<\/p><p>6. LEGISLACI\u00d3N APLICABLE<\/p><p>Para las resoluciones de cualquier controversia o cuestiones relacionadas con la presente p\u00e1gina web as\u00ed como la tienda online, ser\u00e1 de aplicaci\u00f3n la legislaci\u00f3n espa\u00f1ola someti\u00e9ndose expresamente las partes intervinientes a los Juzgados y Tribunales de Navarra.<\/p>\t\t\t\t\t\t\t\t<\/div>\n\t\t\t\t<\/div>\n\t\t\t\t\t<\/div>\n\t\t<\/div>\n\t\t\t\t\t<\/div>\n\t\t<\/section>\n\t\t\t\t<\/div>\n\t\t","protected":false},"excerpt":{"rendered":"<p>1. OBJETO DE LA WEB El presente Aviso Legal recoge las condiciones de uso general de los productos ofrecidos por BELOKI MENDIA, NIF:. SAT ANTSONEA, V31970049,en relaci\u00f3n a las personas que lo utilizan (en adelante USUARIO). Esta p\u00e1gina web as\u00ed como&#8230;<\/p>\n","protected":false},"author":1,"featured_media":0,"parent":0,"menu_order":0,"comment_status":"closed","ping_status":"closed","template":"","meta":{"footnotes":""},"class_list":["post-20897","page","type-page","status-publish","hentry"],"_links":{"self":[{"href":"https:\/\/belokimendia.com\/eu\/wp-json\/wp\/v2\/pages\/20897","targetHints":{"allow":["GET"]}}],"collection":[{"href":"https:\/\/belokimendia.com\/eu\/wp-json\/wp\/v2\/pages"}],"about":[{"href":"https:\/\/belokimendia.com\/eu\/wp-json\/wp\/v2\/types\/page"}],"author":[{"embeddable":true,"href":"https:\/\/belokimendia.com\/eu\/wp-json\/wp\/v2\/users\/1"}],"replies":[{"embeddable":true,"href":"https:\/\/belokimendia.com\/eu\/wp-json\/wp\/v2\/comments?post=20897"}],"version-history":[{"count":1,"href":"https:\/\/belokimendia.com\/eu\/wp-json\/wp\/v2\/pages\/20897\/revisions"}],"predecessor-version":[{"id":20898,"href":"https:\/\/belokimendia.com\/eu\/wp-json\/wp\/v2\/pages\/20897\/revisions\/20898"}],"wp:attachment":[{"href":"https:\/\/belokimendia.com\/eu\/wp-json\/wp\/v2\/media?parent=20897"}],"curies":[{"name":"wp","href":"https:\/\/api.w.org\/{rel}","templated":true}]}}