{"id":20900,"date":"2024-06-19T11:05:40","date_gmt":"2024-06-19T09:05:40","guid":{"rendered":"https:\/\/belokimendia.com\/cookies\/"},"modified":"2024-10-09T12:19:43","modified_gmt":"2024-10-09T10:19:43","slug":"cokkien-politika","status":"publish","type":"page","link":"https:\/\/belokimendia.com\/eu\/cokkien-politika\/","title":{"rendered":"Cokkien politika"},"content":{"rendered":"\t\t<div data-elementor-type=\"wp-page\" data-elementor-id=\"20900\" class=\"elementor elementor-20900 elementor-19268\" data-elementor-post-type=\"page\">\n\t\t\t\t\t\t<section class=\"elementor-section elementor-top-section elementor-element elementor-element-8017d72 elementor-section-boxed elementor-section-height-default elementor-section-height-default\" data-id=\"8017d72\" data-element_type=\"section\">\n\t\t\t\t\t\t<div class=\"elementor-container elementor-column-gap-default\">\n\t\t\t\t\t<div class=\"elementor-column elementor-col-100 elementor-top-column elementor-element elementor-element-bd67d14\" data-id=\"bd67d14\" data-element_type=\"column\">\n\t\t\t<div class=\"elementor-widget-wrap elementor-element-populated\">\n\t\t\t\t\t\t<div class=\"elementor-element elementor-element-df86edc elementor-widget elementor-widget-text-editor\" data-id=\"df86edc\" data-element_type=\"widget\" data-widget_type=\"text-editor.default\">\n\t\t\t\t<div class=\"elementor-widget-container\">\n\t\t\t\t\t\t\t\t\t<p>SAT ANTSONEA, V31970049 informa que una cookie es un fichero que se descarga en su ordenador al acceder a determinadas p\u00e1ginas web. Las cookies permiten a una p\u00e1gina web, entre otras cosas, almacenar y recuperar informaci\u00f3n sobre los h\u00e1bitos de navegaci\u00f3n de un usuario o de su equipo y, dependiendo de la informaci\u00f3n que contengan y de la forma en que utilice su equipo, pueden utilizarse para reconocer al usuario.<\/p><p>En nuestro sitio web podemos utilizar cookies anal\u00edticas, que son aqu\u00e9llas que bien tratadas por nosotros o por terceros, nos permiten cuantificar el n\u00famero de usuarios y as\u00ed realizar la medici\u00f3n y an\u00e1lisis estad\u00edstico de la utilizaci\u00f3n que hacen los usuarios del servicio ofertado. Para ello se analiza su navegaci\u00f3n en nuestra p\u00e1gina web con el fin de mejorar la oferta de productos o servicios que le ofrecemos.<\/p><p>Revocaci\u00f3n y eliminaci\u00f3n de cookies:<\/p><p>Puedes permitir, bloquear o eliminar las cookies instaladas en tu ordenador mediante la configuraci\u00f3n de las opciones del navegador instalado en tu ordenador.<\/p>\t\t\t\t\t\t\t\t<\/div>\n\t\t\t\t<\/div>\n\t\t\t\t\t<\/div>\n\t\t<\/div>\n\t\t\t\t\t<\/div>\n\t\t<\/section>\n\t\t\t\t<\/div>\n\t\t","protected":false},"excerpt":{"rendered":"<p>SAT ANTSONEA, V31970049 informa que una cookie es un fichero que se descarga en su ordenador al acceder a determinadas p\u00e1ginas web. Las cookies permiten a una p\u00e1gina web, entre otras cosas, almacenar y recuperar informaci\u00f3n sobre los h\u00e1bitos de navegaci\u00f3n&#8230;<\/p>\n","protected":false},"author":1,"featured_media":0,"parent":0,"menu_order":0,"comment_status":"closed","ping_status":"closed","template":"","meta":{"footnotes":""},"class_list":["post-20900","page","type-page","status-publish","hentry"],"_links":{"self":[{"href":"https:\/\/belokimendia.com\/eu\/wp-json\/wp\/v2\/pages\/20900","targetHints":{"allow":["GET"]}}],"collection":[{"href":"https:\/\/belokimendia.com\/eu\/wp-json\/wp\/v2\/pages"}],"about":[{"href":"https:\/\/belokimendia.com\/eu\/wp-json\/wp\/v2\/types\/page"}],"author":[{"embeddable":true,"href":"https:\/\/belokimendia.com\/eu\/wp-json\/wp\/v2\/users\/1"}],"replies":[{"embeddable":true,"href":"https:\/\/belokimendia.com\/eu\/wp-json\/wp\/v2\/comments?post=20900"}],"version-history":[{"count":1,"href":"https:\/\/belokimendia.com\/eu\/wp-json\/wp\/v2\/pages\/20900\/revisions"}],"predecessor-version":[{"id":20901,"href":"https:\/\/belokimendia.com\/eu\/wp-json\/wp\/v2\/pages\/20900\/revisions\/20901"}],"wp:attachment":[{"href":"https:\/\/belokimendia.com\/eu\/wp-json\/wp\/v2\/media?parent=20900"}],"curies":[{"name":"wp","href":"https:\/\/api.w.org\/{rel}","templated":true}]}}