{"id":20989,"date":"2024-06-24T12:31:19","date_gmt":"2024-06-24T10:31:19","guid":{"rendered":"https:\/\/belokimendia.com\/tienda\/uncategorized\/queso-antsonea-ahumado\/"},"modified":"2024-10-09T12:49:10","modified_gmt":"2024-10-09T10:49:10","slug":"queso-antsonea-ahumado","status":"publish","type":"product","link":"https:\/\/belokimendia.com\/eu\/denda\/gazta\/queso-antsonea-ahumado\/","title":{"rendered":"Antsonea Gazta Ketua"},"content":{"rendered":"","protected":false},"excerpt":{"rendered":"<p>El <strong>queso Antsonea Ahumado<\/strong>\u00a0se distingue por su sabor \u00fanico, que se logra a trav\u00e9s de un proceso artesanal de ahumado con virutas de haya seleccionadas en nuestro caser\u00edo. Este queso presenta una corteza dorada y un interior suave y cremoso que se deshace en la boca. Su perfil de sabor combina notas de nuez y un toque ahumado que realza su car\u00e1cter, convirti\u00e9ndolo en una opci\u00f3n ideal para maridar con embutidos y vinos robustos. Antsonea Ahumado es perfecto para aquellos que buscan una experiencia culinaria rica y aut\u00e9ntica.<\/p>\n<p><strong>Detalles T\u00e9cnicos:<\/strong><\/p>\n<p><strong>Ingredientes:<\/strong> Leche cruda de oveja, cuajo, fermentos l\u00e1cticos y sal.<br \/>\n<strong>Maduraci\u00f3n m\u00ednima:<\/strong> 2 meses.<br \/>\n<strong>Peso:<\/strong> 1,1 a 1,8 kilogramos.<br \/>\n<strong>Envasado al vac\u00edo:<\/strong> Se recomienda mantenerlo refrigerado entre 4 y 8\u00baC.<br \/>\n<strong>Consumo preferente:<\/strong> De 2 a 24 meses.<br \/>\n<strong>Presentaci\u00f3n:<\/strong> Cuartos, mitades o piezas enteras.<\/p>\n<p>Ahumado con humo de viruta de haya.<\/p>\n<p>Atemperar antes del consumo, despertando as\u00ed todos sus sabores.<\/p>\n","protected":false},"featured_media":20578,"template":"","meta":[],"product_brand":[],"product_cat":[96,91],"product_tag":[],"class_list":{"0":"post-20989","1":"product","2":"type-product","3":"status-publish","4":"has-post-thumbnail","6":"product_cat-antsonea-eu","7":"product_cat-gazta","9":"first","10":"instock","11":"taxable","12":"shipping-taxable","13":"purchasable","14":"product-type-variable"},"_links":{"self":[{"href":"https:\/\/belokimendia.com\/eu\/wp-json\/wp\/v2\/product\/20989","targetHints":{"allow":["GET"]}}],"collection":[{"href":"https:\/\/belokimendia.com\/eu\/wp-json\/wp\/v2\/product"}],"about":[{"href":"https:\/\/belokimendia.com\/eu\/wp-json\/wp\/v2\/types\/product"}],"wp:featuredmedia":[{"embeddable":true,"href":"https:\/\/belokimendia.com\/eu\/wp-json\/wp\/v2\/media\/20578"}],"wp:attachment":[{"href":"https:\/\/belokimendia.com\/eu\/wp-json\/wp\/v2\/media?parent=20989"}],"wp:term":[{"taxonomy":"product_brand","embeddable":true,"href":"https:\/\/belokimendia.com\/eu\/wp-json\/wp\/v2\/product_brand?post=20989"},{"taxonomy":"product_cat","embeddable":true,"href":"https:\/\/belokimendia.com\/eu\/wp-json\/wp\/v2\/product_cat?post=20989"},{"taxonomy":"product_tag","embeddable":true,"href":"https:\/\/belokimendia.com\/eu\/wp-json\/wp\/v2\/product_tag?post=20989"}],"curies":[{"name":"wp","href":"https:\/\/api.w.org\/{rel}","templated":true}]}}